{"id":3,"date":"2024-04-18T09:06:51","date_gmt":"2024-04-18T09:06:51","guid":{"rendered":"https:\/\/thefinalco2countdown.com\/?page_id=3"},"modified":"2024-07-08T17:04:41","modified_gmt":"2024-07-08T17:04:41","slug":"privacy-policy","status":"publish","type":"page","link":"https:\/\/thefinalco2countdown.com\/?page_id=3","title":{"rendered":"Privacy Policy"},"content":{"rendered":"\n<p class=\"has-text-align-center\"><strong>[NL]<\/strong><\/p>\n\n\n\n<p><strong>Privacy Verklaring<\/strong><\/p>\n\n\n\n<p>6 Sigma Tech neemt uw privacy zeer serieus. We zijn gevestigd in de EU. Onze definitie van \u2018persoonsgegevens\u2019 en \u2018verwerking\u2019 is gebaseerd op de privacywet- en regelgeving van de EU, waaronder de Algemene Verordening Gegevensbescherming (AVG). [zero co2] verwerkt uw persoonsgegevens niet. Wij verzamelen, verzenden, verspreiden of verkopen uw persoonsgegevens niet. We verstrekken uw persoonsgegevens niet aan derden.<\/p>\n\n\n\n<p>Mocht u vragen en\/of opmerkingen hebben over deze Privacy Verklaring, neem dan contact met ons op via [<strong>jvd@thefinalco2countdown.com<\/strong>].<\/p>\n\n\n\n<p><strong>&#8212;&#8212;<\/strong><\/p>\n\n\n\n<p class=\"has-text-align-center\"><strong>[ENG]<\/strong><\/p>\n\n\n\n<p><strong>Privacy Notice<\/strong><\/p>\n\n\n\n<p>6 Sigma Tech takes your privacy very seriously. We are based in the EU. Our definition of \u2018personal data\u2019 and \u2018processing\u2019 is based on the privacy laws and regulations of the EU, including the General Data Protection Regulation (GDPR). [zero co2] does not process your personal data. We do not collect, transmit, distribute or sell your personal data. We will not disclose your personal information to third parties.<\/p>\n\n\n\n<p>Should you have any questions and\/or comments about this Privacy Policy, please contact us at [<strong>jvd@thefinalco2countdown.com<\/strong>].<\/p>\n\n\n\n<p><strong>&#8212;&#8212;-<\/strong><\/p>\n\n\n\n<p class=\"has-text-align-center\"><strong>[FR]<\/strong><\/p>\n\n\n\n<p><strong>D\u00e9claration de confidentialit\u00e9<\/strong><\/p>\n\n\n\n<p>6 Sigma Tech prend votre vie priv\u00e9e tr\u00e8s au s\u00e9rieux. Nous sommes bas\u00e9s dans l&#8217;Union europ\u00e9enne. Notre d\u00e9finition des &#8221; donn\u00e9es personnelles &#8221; et du &#8221; traitement &#8221; est bas\u00e9e sur les lois et r\u00e8glements de l&#8217;UE en mati\u00e8re de protection de la vie priv\u00e9e, y compris le R\u00e8glement g\u00e9n\u00e9ral sur la protection des donn\u00e9es (RGPD). [zero co2] e traite pas vos donn\u00e9es personnelles. Nous ne collectons pas, ne transmettons pas, ne distribuons pas et ne vendons pas vos donn\u00e9es personnelles. Nous ne divulguons pas vos donn\u00e9es personnelles \u00e0 des tiers.<\/p>\n\n\n\n<p>Si vous avez des questions et\/ou des commentaires sur cette D\u00e9claration de confidentialit\u00e9, veuillez nous contacter \u00e0 l&#8217;adresse [<strong>jvd@thefinalco2countdown.com<\/strong>].<\/p>\n\n\n\n<p><strong>&#8212;&#8212;-<\/strong><\/p>\n\n\n\n<p class=\"has-text-align-center\"><strong>[DE]<\/strong><\/p>\n\n\n\n<p><strong>Erkl\u00e4rung zum Datenschutz<\/strong><\/p>\n\n\n\n<p>6 Sigma Tech nimmt den Schutz Ihrer Daten sehr ernst. Wir sind in der EU ans\u00e4ssig. Unsere Definition von &#8220;pers\u00f6nlichen Daten&#8221; und &#8220;Verarbeitung&#8221; basiert auf den Datenschutzgesetzen und -vorschriften der EU, einschlie\u00dflich der Datenschutz Grundverordnung (DSGVO). [zero co2] verarbeitet Ihre personenbezogenen Daten nicht. Wir sammeln, \u00fcbermitteln, verbreiten oder verkaufen Ihre pers\u00f6nlichen Daten nicht. Wir werden Ihre pers\u00f6nlichen Daten nicht an Dritte weitergeben.<\/p>\n\n\n\n<p>Wenn Sie Fragen und\/oder Kommentare zu dieser Erkl\u00e4rung zum Datenschutzhaben, kontaktieren Sie uns bitte unter [jvd@thefinalco2countdown.com].<\/p>\n\n\n\n<p><\/p>\n\n\n\n<figure class=\"wp-block-audio\"><audio controls src=\"https:\/\/thefinalco2countdown.com\/wp-content\/uploads\/2024\/07\/The-Rains.mp3\"><\/audio><\/figure>\n","protected":false},"excerpt":{"rendered":"<p>[NL] Privacy Verklaring 6 Sigma Tech neemt uw privacy zeer serieus. We zijn gevestigd in de EU. Onze definitie van \u2018persoonsgegevens\u2019 en \u2018verwerking\u2019 is gebaseerd op de privacywet- en regelgeving van de EU, waaronder de Algemene Verordening Gegevensbescherming (AVG). [zero co2] verwerkt uw persoonsgegevens niet. Wij verzamelen, verzenden, verspreiden of verkopen uw persoonsgegevens niet. We [&hellip;]<\/p>\n","protected":false},"author":1,"featured_media":0,"parent":0,"menu_order":0,"comment_status":"closed","ping_status":"closed","template":"","meta":{"footnotes":""},"_links":{"self":[{"href":"https:\/\/thefinalco2countdown.com\/index.php?rest_route=\/wp\/v2\/pages\/3"}],"collection":[{"href":"https:\/\/thefinalco2countdown.com\/index.php?rest_route=\/wp\/v2\/pages"}],"about":[{"href":"https:\/\/thefinalco2countdown.com\/index.php?rest_route=\/wp\/v2\/types\/page"}],"author":[{"embeddable":true,"href":"https:\/\/thefinalco2countdown.com\/index.php?rest_route=\/wp\/v2\/users\/1"}],"replies":[{"embeddable":true,"href":"https:\/\/thefinalco2countdown.com\/index.php?rest_route=%2Fwp%2Fv2%2Fcomments&post=3"}],"version-history":[{"count":3,"href":"https:\/\/thefinalco2countdown.com\/index.php?rest_route=\/wp\/v2\/pages\/3\/revisions"}],"predecessor-version":[{"id":42,"href":"https:\/\/thefinalco2countdown.com\/index.php?rest_route=\/wp\/v2\/pages\/3\/revisions\/42"}],"wp:attachment":[{"href":"https:\/\/thefinalco2countdown.com\/index.php?rest_route=%2Fwp%2Fv2%2Fmedia&parent=3"}],"curies":[{"name":"wp","href":"https:\/\/api.w.org\/{rel}","templated":true}]}}